{"id":11,"date":"2025-10-07T12:25:06","date_gmt":"2025-10-07T12:25:06","guid":{"rendered":"https:\/\/kilisgidasirketi.com\/?page_id=11"},"modified":"2025-10-07T12:25:06","modified_gmt":"2025-10-07T12:25:06","slug":"faaliyetlerimniz","status":"publish","type":"page","link":"https:\/\/kilisgidasirketi.com\/index.php\/faaliyetlerimniz\/","title":{"rendered":"Faaliyetlerimniz"},"content":{"rendered":"<p>\u00c7al\u0131\u015fma vizyonumuz ile hizmetlerimizi en \u00fcst seviyeye ta\u015f\u0131yarak Kilis&#8217;te vatanda\u015flara en g\u00fcvenli hizmetleri aktarmak amac\u0131 ile ilerleyen \u015firketimiz;<\/p>\n<p><strong>\u2013 Otopark \u0130\u015fletme Sistemi<\/strong><\/p>\n<p><strong>\u2013\u00a0 Kent Lokantas\u0131 \u0130\u015fletmecili\u011fi<\/strong><\/p>\n<p>alanlar\u0131nda hizmet vermektedir.<\/p>\n","protected":false},"excerpt":{"rendered":"<p>\u00c7al\u0131\u015fma vizyonumuz ile hizmetlerimizi en \u00fcst seviyeye ta\u015f\u0131yarak Kilis&#8217;te vatanda\u015flara en g\u00fcvenli hizmetleri aktarmak amac\u0131 ile ilerleyen \u015firketimiz; \u2013 Otopark \u0130\u015fletme Sistemi \u2013\u00a0 Kent Lokantas\u0131 \u0130\u015fletmecili\u011fi alanlar\u0131nda hizmet vermektedir.<\/p>\n","protected":false},"author":1,"featured_media":0,"parent":0,"menu_order":0,"comment_status":"closed","ping_status":"closed","template":"","meta":{"footnotes":""},"class_list":["post-11","page","type-page","status-publish"],"jetpack_sharing_enabled":true,"_links":{"self":[{"href":"https:\/\/kilisgidasirketi.com\/index.php\/wp-json\/wp\/v2\/pages\/11","targetHints":{"allow":["GET"]}}],"collection":[{"href":"https:\/\/kilisgidasirketi.com\/index.php\/wp-json\/wp\/v2\/pages"}],"about":[{"href":"https:\/\/kilisgidasirketi.com\/index.php\/wp-json\/wp\/v2\/types\/page"}],"author":[{"embeddable":true,"href":"https:\/\/kilisgidasirketi.com\/index.php\/wp-json\/wp\/v2\/users\/1"}],"replies":[{"embeddable":true,"href":"https:\/\/kilisgidasirketi.com\/index.php\/wp-json\/wp\/v2\/comments?post=11"}],"version-history":[{"count":1,"href":"https:\/\/kilisgidasirketi.com\/index.php\/wp-json\/wp\/v2\/pages\/11\/revisions"}],"predecessor-version":[{"id":12,"href":"https:\/\/kilisgidasirketi.com\/index.php\/wp-json\/wp\/v2\/pages\/11\/revisions\/12"}],"wp:attachment":[{"href":"https:\/\/kilisgidasirketi.com\/index.php\/wp-json\/wp\/v2\/media?parent=11"}],"curies":[{"name":"wp","href":"https:\/\/api.w.org\/{rel}","templated":true}]}}