{"id":8,"date":"2025-10-07T12:23:38","date_gmt":"2025-10-07T12:23:38","guid":{"rendered":"https:\/\/kilisgidasirketi.com\/?page_id=8"},"modified":"2025-10-07T12:39:54","modified_gmt":"2025-10-07T12:39:54","slug":"8-2","status":"publish","type":"page","link":"https:\/\/kilisgidasirketi.com\/index.php\/8-2\/","title":{"rendered":"Belediye Ba\u015fkan\u0131"},"content":{"rendered":"<h2 style=\"text-align: center;\"><img loading=\"lazy\" decoding=\"async\" class=\"alignnone wp-image-9\" src=\"https:\/\/kilisgidasirketi.com\/wp-content\/uploads\/2025\/10\/Hakan-Bilecen-Makam-1920x1280-1-768x512-1-300x200.jpg\" alt=\"\" width=\"532\" height=\"354\" srcset=\"https:\/\/kilisgidasirketi.com\/wp-content\/uploads\/2025\/10\/Hakan-Bilecen-Makam-1920x1280-1-768x512-1-300x200.jpg 300w, https:\/\/kilisgidasirketi.com\/wp-content\/uploads\/2025\/10\/Hakan-Bilecen-Makam-1920x1280-1-768x512-1-150x100.jpg 150w, https:\/\/kilisgidasirketi.com\/wp-content\/uploads\/2025\/10\/Hakan-Bilecen-Makam-1920x1280-1-768x512-1-696x464.jpg 696w, https:\/\/kilisgidasirketi.com\/wp-content\/uploads\/2025\/10\/Hakan-Bilecen-Makam-1920x1280-1-768x512-1.jpg 768w\" sizes=\"auto, (max-width: 532px) 100vw, 532px\" \/><\/h2>\n<h2 style=\"text-align: center;\"><strong>Hakan B\u0130LECEN<br \/>\n<\/strong>Kilis Belediye Ba\u015fkan\u0131<\/h2>\n<p style=\"text-align: center;\">01.01.1987 y\u0131l\u0131nda kilis te do\u011fdu. \u0130lk\u00f6\u011fretim, orta \u00f6\u011fretim ve lise e\u011fitimini Kilis\u2019te tamamlad\u0131. Ufuk \u00dcniversitesi Hukuk Fak\u00fcltesi b\u00f6l\u00fcm\u00fcnden mezun olarak 2015 y\u0131l\u0131ndan beri Avukatl\u0131k g\u00f6revini icra etmektedir. Cemile Bilecen ile Evli ve \u00d6zay Berra ve Defne Bilecen olmak \u00fczere 2 \u00e7ocuk babas\u0131d\u0131r.<\/p>\n","protected":false},"excerpt":{"rendered":"<p>Hakan B\u0130LECEN Kilis Belediye Ba\u015fkan\u0131 01.01.1987 y\u0131l\u0131nda kilis te do\u011fdu. \u0130lk\u00f6\u011fretim, orta \u00f6\u011fretim ve lise e\u011fitimini Kilis\u2019te tamamlad\u0131. Ufuk \u00dcniversitesi Hukuk Fak\u00fcltesi b\u00f6l\u00fcm\u00fcnden mezun olarak 2015 y\u0131l\u0131ndan beri Avukatl\u0131k g\u00f6revini icra etmektedir. Cemile Bilecen ile Evli ve \u00d6zay Berra ve Defne Bilecen olmak \u00fczere 2 \u00e7ocuk babas\u0131d\u0131r.<\/p>\n","protected":false},"author":1,"featured_media":0,"parent":0,"menu_order":0,"comment_status":"closed","ping_status":"closed","template":"","meta":{"footnotes":""},"class_list":["post-8","page","type-page","status-publish"],"jetpack_sharing_enabled":true,"_links":{"self":[{"href":"https:\/\/kilisgidasirketi.com\/index.php\/wp-json\/wp\/v2\/pages\/8","targetHints":{"allow":["GET"]}}],"collection":[{"href":"https:\/\/kilisgidasirketi.com\/index.php\/wp-json\/wp\/v2\/pages"}],"about":[{"href":"https:\/\/kilisgidasirketi.com\/index.php\/wp-json\/wp\/v2\/types\/page"}],"author":[{"embeddable":true,"href":"https:\/\/kilisgidasirketi.com\/index.php\/wp-json\/wp\/v2\/users\/1"}],"replies":[{"embeddable":true,"href":"https:\/\/kilisgidasirketi.com\/index.php\/wp-json\/wp\/v2\/comments?post=8"}],"version-history":[{"count":2,"href":"https:\/\/kilisgidasirketi.com\/index.php\/wp-json\/wp\/v2\/pages\/8\/revisions"}],"predecessor-version":[{"id":21,"href":"https:\/\/kilisgidasirketi.com\/index.php\/wp-json\/wp\/v2\/pages\/8\/revisions\/21"}],"wp:attachment":[{"href":"https:\/\/kilisgidasirketi.com\/index.php\/wp-json\/wp\/v2\/media?parent=8"}],"curies":[{"name":"wp","href":"https:\/\/api.w.org\/{rel}","templated":true}]}}